{"id":20,"date":"2015-07-06T01:03:06","date_gmt":"2015-07-06T01:03:06","guid":{"rendered":"http:\/\/www.necesidadesdelaempresa.cl\/?page_id=20"},"modified":"2019-03-07T19:09:03","modified_gmt":"2019-03-07T19:09:03","slug":"contacto","status":"publish","type":"page","link":"https:\/\/www.necesidadesdelaempresa.cl\/index.php\/contacto\/","title":{"rendered":"Contacto"},"content":{"rendered":"<p><a href=\"http:\/\/www.necesidadesdelaempresa.cl\/wp-content\/uploads\/2015\/07\/contacto.jpg\"><img loading=\"lazy\" decoding=\"async\" class=\"aligncenter size-medium wp-image-36\" src=\"http:\/\/www.necesidadesdelaempresa.cl\/wp-content\/uploads\/2015\/07\/contacto-320x227.jpg\" alt=\"contacto necesidades de la empresa\" width=\"300\" height=\"213\" srcset=\"https:\/\/www.necesidadesdelaempresa.cl\/wp-content\/uploads\/2015\/07\/contacto-320x227.jpg 320w, https:\/\/www.necesidadesdelaempresa.cl\/wp-content\/uploads\/2015\/07\/contacto-300x213.jpg 300w, https:\/\/www.necesidadesdelaempresa.cl\/wp-content\/uploads\/2015\/07\/contacto-540x383.jpg 540w, https:\/\/www.necesidadesdelaempresa.cl\/wp-content\/uploads\/2015\/07\/contacto.jpg 640w\" sizes=\"auto, (max-width: 300px) 100vw, 300px\" \/><\/a><\/p>\n<h3>Estudio Jur\u00eddico en Quilpu\u00e9<\/h3>\n<p><a href=\"https:\/\/goo.gl\/maps\/v17eg\">Calle Chorrillo esq. Blanco Encalada 778, Of. 10<\/a><br \/>\nQuilpu\u00e9<br \/>\nFono: +56 32 3424473<\/p>\n<h3>Correo electr\u00f3nico<\/h3>\n<p>contacto@abogadoquilpue.cl<\/p>\n","protected":false},"excerpt":{"rendered":"<p>Estudio Jur\u00eddico en Quilpu\u00e9 Calle Chorrillo esq. Blanco Encalada 778, Of. 10 Quilpu\u00e9 Fono: +56 32 3424473 Correo electr\u00f3nico contacto@abogadoquilpue.cl<\/p>\n","protected":false},"author":1,"featured_media":0,"parent":0,"menu_order":5,"comment_status":"closed","ping_status":"closed","template":"","meta":{"footnotes":""},"class_list":["post-20","page","type-page","status-publish","hentry"],"yoast_head":"<!-- This site is optimized with the Yoast SEO plugin v27.5 - https:\/\/yoast.com\/product\/yoast-seo-wordpress\/ -->\n<title>Contacto - Necesidades de la empresa<\/title>\n<meta name=\"robots\" content=\"index, follow, max-snippet:-1, max-image-preview:large, max-video-preview:-1\" \/>\n<link rel=\"canonical\" href=\"https:\/\/www.necesidadesdelaempresa.cl\/index.php\/contacto\/\" \/>\n<meta property=\"og:locale\" content=\"es_ES\" \/>\n<meta property=\"og:type\" content=\"article\" \/>\n<meta property=\"og:title\" content=\"Contacto - Necesidades de la empresa\" \/>\n<meta property=\"og:description\" content=\"Estudio Jur\u00eddico en Quilpu\u00e9 Calle Chorrillo esq. Blanco Encalada 778, Of. 10 Quilpu\u00e9 Fono: +56 32 3424473 Correo electr\u00f3nico contacto@abogadoquilpue.cl\" \/>\n<meta property=\"og:url\" content=\"https:\/\/www.necesidadesdelaempresa.cl\/index.php\/contacto\/\" \/>\n<meta property=\"og:site_name\" content=\"Necesidades de la empresa\" \/>\n<meta property=\"article:modified_time\" content=\"2019-03-07T19:09:03+00:00\" \/>\n<meta property=\"og:image\" content=\"http:\/\/www.necesidadesdelaempresa.cl\/wp-content\/uploads\/2015\/07\/contacto-320x227.jpg\" \/>\n<meta name=\"twitter:card\" content=\"summary_large_image\" \/>\n<script type=\"application\/ld+json\" class=\"yoast-schema-graph\">{\"@context\":\"https:\\\/\\\/schema.org\",\"@graph\":[{\"@type\":\"WebPage\",\"@id\":\"https:\\\/\\\/www.necesidadesdelaempresa.cl\\\/index.php\\\/contacto\\\/\",\"url\":\"https:\\\/\\\/www.necesidadesdelaempresa.cl\\\/index.php\\\/contacto\\\/\",\"name\":\"Contacto - Necesidades de la empresa\",\"isPartOf\":{\"@id\":\"http:\\\/\\\/www.necesidadesdelaempresa.cl\\\/#website\"},\"primaryImageOfPage\":{\"@id\":\"https:\\\/\\\/www.necesidadesdelaempresa.cl\\\/index.php\\\/contacto\\\/#primaryimage\"},\"image\":{\"@id\":\"https:\\\/\\\/www.necesidadesdelaempresa.cl\\\/index.php\\\/contacto\\\/#primaryimage\"},\"thumbnailUrl\":\"http:\\\/\\\/www.necesidadesdelaempresa.cl\\\/wp-content\\\/uploads\\\/2015\\\/07\\\/contacto-320x227.jpg\",\"datePublished\":\"2015-07-06T01:03:06+00:00\",\"dateModified\":\"2019-03-07T19:09:03+00:00\",\"breadcrumb\":{\"@id\":\"https:\\\/\\\/www.necesidadesdelaempresa.cl\\\/index.php\\\/contacto\\\/#breadcrumb\"},\"inLanguage\":\"es\",\"potentialAction\":[{\"@type\":\"ReadAction\",\"target\":[\"https:\\\/\\\/www.necesidadesdelaempresa.cl\\\/index.php\\\/contacto\\\/\"]}]},{\"@type\":\"ImageObject\",\"inLanguage\":\"es\",\"@id\":\"https:\\\/\\\/www.necesidadesdelaempresa.cl\\\/index.php\\\/contacto\\\/#primaryimage\",\"url\":\"https:\\\/\\\/www.necesidadesdelaempresa.cl\\\/wp-content\\\/uploads\\\/2015\\\/07\\\/contacto.jpg\",\"contentUrl\":\"https:\\\/\\\/www.necesidadesdelaempresa.cl\\\/wp-content\\\/uploads\\\/2015\\\/07\\\/contacto.jpg\",\"width\":640,\"height\":454,\"caption\":\"contacto necesidades de la empresa\"},{\"@type\":\"BreadcrumbList\",\"@id\":\"https:\\\/\\\/www.necesidadesdelaempresa.cl\\\/index.php\\\/contacto\\\/#breadcrumb\",\"itemListElement\":[{\"@type\":\"ListItem\",\"position\":1,\"name\":\"Portada\",\"item\":\"http:\\\/\\\/www.necesidadesdelaempresa.cl\\\/\"},{\"@type\":\"ListItem\",\"position\":2,\"name\":\"Contacto\"}]},{\"@type\":\"WebSite\",\"@id\":\"http:\\\/\\\/www.necesidadesdelaempresa.cl\\\/#website\",\"url\":\"http:\\\/\\\/www.necesidadesdelaempresa.cl\\\/\",\"name\":\"Necesidades de la empresa\",\"description\":\"Asesor\u00eda laboral para trabajadores.\",\"potentialAction\":[{\"@type\":\"SearchAction\",\"target\":{\"@type\":\"EntryPoint\",\"urlTemplate\":\"http:\\\/\\\/www.necesidadesdelaempresa.cl\\\/?s={search_term_string}\"},\"query-input\":{\"@type\":\"PropertyValueSpecification\",\"valueRequired\":true,\"valueName\":\"search_term_string\"}}],\"inLanguage\":\"es\"}]}<\/script>\n<!-- \/ Yoast SEO plugin. -->","yoast_head_json":{"title":"Contacto - Necesidades de la empresa","robots":{"index":"index","follow":"follow","max-snippet":"max-snippet:-1","max-image-preview":"max-image-preview:large","max-video-preview":"max-video-preview:-1"},"canonical":"https:\/\/www.necesidadesdelaempresa.cl\/index.php\/contacto\/","og_locale":"es_ES","og_type":"article","og_title":"Contacto - Necesidades de la empresa","og_description":"Estudio Jur\u00eddico en Quilpu\u00e9 Calle Chorrillo esq. Blanco Encalada 778, Of. 10 Quilpu\u00e9 Fono: +56 32 3424473 Correo electr\u00f3nico contacto@abogadoquilpue.cl","og_url":"https:\/\/www.necesidadesdelaempresa.cl\/index.php\/contacto\/","og_site_name":"Necesidades de la empresa","article_modified_time":"2019-03-07T19:09:03+00:00","og_image":[{"url":"http:\/\/www.necesidadesdelaempresa.cl\/wp-content\/uploads\/2015\/07\/contacto-320x227.jpg","type":"","width":"","height":""}],"twitter_card":"summary_large_image","schema":{"@context":"https:\/\/schema.org","@graph":[{"@type":"WebPage","@id":"https:\/\/www.necesidadesdelaempresa.cl\/index.php\/contacto\/","url":"https:\/\/www.necesidadesdelaempresa.cl\/index.php\/contacto\/","name":"Contacto - Necesidades de la empresa","isPartOf":{"@id":"http:\/\/www.necesidadesdelaempresa.cl\/#website"},"primaryImageOfPage":{"@id":"https:\/\/www.necesidadesdelaempresa.cl\/index.php\/contacto\/#primaryimage"},"image":{"@id":"https:\/\/www.necesidadesdelaempresa.cl\/index.php\/contacto\/#primaryimage"},"thumbnailUrl":"http:\/\/www.necesidadesdelaempresa.cl\/wp-content\/uploads\/2015\/07\/contacto-320x227.jpg","datePublished":"2015-07-06T01:03:06+00:00","dateModified":"2019-03-07T19:09:03+00:00","breadcrumb":{"@id":"https:\/\/www.necesidadesdelaempresa.cl\/index.php\/contacto\/#breadcrumb"},"inLanguage":"es","potentialAction":[{"@type":"ReadAction","target":["https:\/\/www.necesidadesdelaempresa.cl\/index.php\/contacto\/"]}]},{"@type":"ImageObject","inLanguage":"es","@id":"https:\/\/www.necesidadesdelaempresa.cl\/index.php\/contacto\/#primaryimage","url":"https:\/\/www.necesidadesdelaempresa.cl\/wp-content\/uploads\/2015\/07\/contacto.jpg","contentUrl":"https:\/\/www.necesidadesdelaempresa.cl\/wp-content\/uploads\/2015\/07\/contacto.jpg","width":640,"height":454,"caption":"contacto necesidades de la empresa"},{"@type":"BreadcrumbList","@id":"https:\/\/www.necesidadesdelaempresa.cl\/index.php\/contacto\/#breadcrumb","itemListElement":[{"@type":"ListItem","position":1,"name":"Portada","item":"http:\/\/www.necesidadesdelaempresa.cl\/"},{"@type":"ListItem","position":2,"name":"Contacto"}]},{"@type":"WebSite","@id":"http:\/\/www.necesidadesdelaempresa.cl\/#website","url":"http:\/\/www.necesidadesdelaempresa.cl\/","name":"Necesidades de la empresa","description":"Asesor\u00eda laboral para trabajadores.","potentialAction":[{"@type":"SearchAction","target":{"@type":"EntryPoint","urlTemplate":"http:\/\/www.necesidadesdelaempresa.cl\/?s={search_term_string}"},"query-input":{"@type":"PropertyValueSpecification","valueRequired":true,"valueName":"search_term_string"}}],"inLanguage":"es"}]}},"_links":{"self":[{"href":"https:\/\/www.necesidadesdelaempresa.cl\/index.php\/wp-json\/wp\/v2\/pages\/20","targetHints":{"allow":["GET"]}}],"collection":[{"href":"https:\/\/www.necesidadesdelaempresa.cl\/index.php\/wp-json\/wp\/v2\/pages"}],"about":[{"href":"https:\/\/www.necesidadesdelaempresa.cl\/index.php\/wp-json\/wp\/v2\/types\/page"}],"author":[{"embeddable":true,"href":"https:\/\/www.necesidadesdelaempresa.cl\/index.php\/wp-json\/wp\/v2\/users\/1"}],"replies":[{"embeddable":true,"href":"https:\/\/www.necesidadesdelaempresa.cl\/index.php\/wp-json\/wp\/v2\/comments?post=20"}],"version-history":[{"count":6,"href":"https:\/\/www.necesidadesdelaempresa.cl\/index.php\/wp-json\/wp\/v2\/pages\/20\/revisions"}],"predecessor-version":[{"id":57,"href":"https:\/\/www.necesidadesdelaempresa.cl\/index.php\/wp-json\/wp\/v2\/pages\/20\/revisions\/57"}],"wp:attachment":[{"href":"https:\/\/www.necesidadesdelaempresa.cl\/index.php\/wp-json\/wp\/v2\/media?parent=20"}],"curies":[{"name":"wp","href":"https:\/\/api.w.org\/{rel}","templated":true}]}}