{"id":6,"date":"2015-07-06T00:21:01","date_gmt":"2015-07-06T00:21:01","guid":{"rendered":"http:\/\/www.necesidadesdelaempresa.cl\/?page_id=6"},"modified":"2015-07-08T02:22:12","modified_gmt":"2015-07-08T02:22:12","slug":"que-son-las-necesidades-de-la-empresa","status":"publish","type":"page","link":"https:\/\/www.necesidadesdelaempresa.cl\/","title":{"rendered":"\u00bfQue son las necesidades de la empresa?"},"content":{"rendered":"<p class=\"western\" align=\"justify\"> Necesidades de la empresa es una de las causales que puede invocar el empleador para despedir a un trabajador, es necesario tener siempre presente que el C\u00f3digo del Trabajo, establece precisamente cuales son las razones para que se pueda despedir a un trabajador, en primer lugar el art\u00edculo 159 de \u00e9ste C\u00f3digo establece algunas causales como el acuerdo de las partes, renuncia, fallecimiento del trabajador y el vencimiento del plazo, por otro lado el art\u00edculo 160, establece causales que no generan derecho a indemnizaci\u00f3n alguna para el trabajador, como en casos de falta de probidad, conductas de acoso sexual, conducta inmoral entre otras, pero el art\u00edculo 161 del C\u00f3digo del Trabajo establece una causal gen\u00e9rica de necesidades de la empresa<\/p>\n<h3>\u00bfEn que consiste la causal de necesidades de la empresa?<\/h3>\n<p class=\"western\" align=\"justify\">Consiste en que el empleador fundamenta el despido en ciertas condiciones objetivas que afectan a la empresa, el art\u00edculo da a modo de ejemplo la baja en la productividad o el cambio en las condiciones de la econom\u00eda<\/p>\n<h3>\u00bfComo debe realizarse el despido por necesidades de la empresa?<\/h3>\n<p class=\"western\" lang=\"es-CL\" align=\"justify\">Seg\u00fan indica el art\u00edculo 162 del C\u00f3digo del Trabajo, el empleador debe comunicarlo por escrito, con copia a la inspecci\u00f3n del trabajo, y con 30 d\u00edas de anticipaci\u00f3n, a menos que pague una indemnizaci\u00f3n sustitutiva de aviso previo, adem\u00e1s se encuentra en la obligaci\u00f3n de informar los montos que debe pagar por indemnizaci\u00f3n de a\u00f1os de servicios y el estado de pago de las cotizaciones del trabajador desvinculado, de no encontrarse al d\u00eda las cotizaciones previsionales el despido no producir\u00e1 efecto, en los t\u00e9rminos que establece el ya citado art\u00edculo 162 del C\u00f3digo del Trabajo.<\/p>\n","protected":false},"excerpt":{"rendered":"<p>Necesidades de la empresa es una de las causales que puede invocar el empleador para despedir a un trabajador, es necesario tener siempre presente que el C\u00f3digo del Trabajo, establece precisamente cuales son las razones para que se pueda despedir a un trabajador, en primer lugar el art\u00edculo 159 de \u00e9ste C\u00f3digo establece algunas causales [&hellip;]<\/p>\n","protected":false},"author":1,"featured_media":0,"parent":0,"menu_order":0,"comment_status":"closed","ping_status":"open","template":"","meta":{"footnotes":""},"class_list":["post-6","page","type-page","status-publish","hentry"],"yoast_head":"<!-- This site is optimized with the Yoast SEO plugin v27.5 - https:\/\/yoast.com\/product\/yoast-seo-wordpress\/ -->\n<title>\u00bfQue son las necesidades de la empresa?<\/title>\n<meta name=\"description\" content=\"\u00bfQue son las necesidades de la empresa? Consiste en que el empleador fundamenta el despido en ciertas condiciones objetivas que...\" \/>\n<meta name=\"robots\" content=\"index, follow, max-snippet:-1, max-image-preview:large, max-video-preview:-1\" \/>\n<link rel=\"canonical\" href=\"http:\/\/www.necesidadesdelaempresa.cl\/\" \/>\n<meta property=\"og:locale\" content=\"es_ES\" \/>\n<meta property=\"og:type\" content=\"article\" \/>\n<meta property=\"og:title\" content=\"\u00bfQue son las necesidades de la empresa?\" \/>\n<meta property=\"og:description\" content=\"\u00bfQue son las necesidades de la empresa? Consiste en que el empleador fundamenta el despido en ciertas condiciones objetivas que...\" \/>\n<meta property=\"og:url\" content=\"http:\/\/www.necesidadesdelaempresa.cl\/\" \/>\n<meta property=\"og:site_name\" content=\"Necesidades de la empresa\" \/>\n<meta property=\"article:modified_time\" content=\"2015-07-08T02:22:12+00:00\" \/>\n<meta name=\"twitter:card\" content=\"summary_large_image\" \/>\n<meta name=\"twitter:label1\" content=\"Tiempo de lectura\" \/>\n\t<meta name=\"twitter:data1\" content=\"1 minuto\" \/>\n<script type=\"application\/ld+json\" class=\"yoast-schema-graph\">{\"@context\":\"https:\\\/\\\/schema.org\",\"@graph\":[{\"@type\":\"WebPage\",\"@id\":\"http:\\\/\\\/www.necesidadesdelaempresa.cl\\\/\",\"url\":\"http:\\\/\\\/www.necesidadesdelaempresa.cl\\\/\",\"name\":\"\u00bfQue son las necesidades de la empresa?\",\"isPartOf\":{\"@id\":\"http:\\\/\\\/www.necesidadesdelaempresa.cl\\\/#website\"},\"datePublished\":\"2015-07-06T00:21:01+00:00\",\"dateModified\":\"2015-07-08T02:22:12+00:00\",\"description\":\"\u00bfQue son las necesidades de la empresa? Consiste en que el empleador fundamenta el despido en ciertas condiciones objetivas que...\",\"breadcrumb\":{\"@id\":\"http:\\\/\\\/www.necesidadesdelaempresa.cl\\\/#breadcrumb\"},\"inLanguage\":\"es\",\"potentialAction\":[{\"@type\":\"ReadAction\",\"target\":[\"http:\\\/\\\/www.necesidadesdelaempresa.cl\\\/\"]}]},{\"@type\":\"BreadcrumbList\",\"@id\":\"http:\\\/\\\/www.necesidadesdelaempresa.cl\\\/#breadcrumb\",\"itemListElement\":[{\"@type\":\"ListItem\",\"position\":1,\"name\":\"Portada\",\"item\":\"http:\\\/\\\/www.necesidadesdelaempresa.cl\\\/\"},{\"@type\":\"ListItem\",\"position\":2,\"name\":\"\u00bfQue son las necesidades de la empresa?\"}]},{\"@type\":\"WebSite\",\"@id\":\"http:\\\/\\\/www.necesidadesdelaempresa.cl\\\/#website\",\"url\":\"http:\\\/\\\/www.necesidadesdelaempresa.cl\\\/\",\"name\":\"Necesidades de la empresa\",\"description\":\"Asesor\u00eda laboral para trabajadores.\",\"potentialAction\":[{\"@type\":\"SearchAction\",\"target\":{\"@type\":\"EntryPoint\",\"urlTemplate\":\"http:\\\/\\\/www.necesidadesdelaempresa.cl\\\/?s={search_term_string}\"},\"query-input\":{\"@type\":\"PropertyValueSpecification\",\"valueRequired\":true,\"valueName\":\"search_term_string\"}}],\"inLanguage\":\"es\"}]}<\/script>\n<!-- \/ Yoast SEO plugin. -->","yoast_head_json":{"title":"\u00bfQue son las necesidades de la empresa?","description":"\u00bfQue son las necesidades de la empresa? Consiste en que el empleador fundamenta el despido en ciertas condiciones objetivas que...","robots":{"index":"index","follow":"follow","max-snippet":"max-snippet:-1","max-image-preview":"max-image-preview:large","max-video-preview":"max-video-preview:-1"},"canonical":"http:\/\/www.necesidadesdelaempresa.cl\/","og_locale":"es_ES","og_type":"article","og_title":"\u00bfQue son las necesidades de la empresa?","og_description":"\u00bfQue son las necesidades de la empresa? Consiste en que el empleador fundamenta el despido en ciertas condiciones objetivas que...","og_url":"http:\/\/www.necesidadesdelaempresa.cl\/","og_site_name":"Necesidades de la empresa","article_modified_time":"2015-07-08T02:22:12+00:00","twitter_card":"summary_large_image","twitter_misc":{"Tiempo de lectura":"1 minuto"},"schema":{"@context":"https:\/\/schema.org","@graph":[{"@type":"WebPage","@id":"http:\/\/www.necesidadesdelaempresa.cl\/","url":"http:\/\/www.necesidadesdelaempresa.cl\/","name":"\u00bfQue son las necesidades de la empresa?","isPartOf":{"@id":"http:\/\/www.necesidadesdelaempresa.cl\/#website"},"datePublished":"2015-07-06T00:21:01+00:00","dateModified":"2015-07-08T02:22:12+00:00","description":"\u00bfQue son las necesidades de la empresa? Consiste en que el empleador fundamenta el despido en ciertas condiciones objetivas que...","breadcrumb":{"@id":"http:\/\/www.necesidadesdelaempresa.cl\/#breadcrumb"},"inLanguage":"es","potentialAction":[{"@type":"ReadAction","target":["http:\/\/www.necesidadesdelaempresa.cl\/"]}]},{"@type":"BreadcrumbList","@id":"http:\/\/www.necesidadesdelaempresa.cl\/#breadcrumb","itemListElement":[{"@type":"ListItem","position":1,"name":"Portada","item":"http:\/\/www.necesidadesdelaempresa.cl\/"},{"@type":"ListItem","position":2,"name":"\u00bfQue son las necesidades de la empresa?"}]},{"@type":"WebSite","@id":"http:\/\/www.necesidadesdelaempresa.cl\/#website","url":"http:\/\/www.necesidadesdelaempresa.cl\/","name":"Necesidades de la empresa","description":"Asesor\u00eda laboral para trabajadores.","potentialAction":[{"@type":"SearchAction","target":{"@type":"EntryPoint","urlTemplate":"http:\/\/www.necesidadesdelaempresa.cl\/?s={search_term_string}"},"query-input":{"@type":"PropertyValueSpecification","valueRequired":true,"valueName":"search_term_string"}}],"inLanguage":"es"}]}},"_links":{"self":[{"href":"https:\/\/www.necesidadesdelaempresa.cl\/index.php\/wp-json\/wp\/v2\/pages\/6","targetHints":{"allow":["GET"]}}],"collection":[{"href":"https:\/\/www.necesidadesdelaempresa.cl\/index.php\/wp-json\/wp\/v2\/pages"}],"about":[{"href":"https:\/\/www.necesidadesdelaempresa.cl\/index.php\/wp-json\/wp\/v2\/types\/page"}],"author":[{"embeddable":true,"href":"https:\/\/www.necesidadesdelaempresa.cl\/index.php\/wp-json\/wp\/v2\/users\/1"}],"replies":[{"embeddable":true,"href":"https:\/\/www.necesidadesdelaempresa.cl\/index.php\/wp-json\/wp\/v2\/comments?post=6"}],"version-history":[{"count":10,"href":"https:\/\/www.necesidadesdelaempresa.cl\/index.php\/wp-json\/wp\/v2\/pages\/6\/revisions"}],"predecessor-version":[{"id":34,"href":"https:\/\/www.necesidadesdelaempresa.cl\/index.php\/wp-json\/wp\/v2\/pages\/6\/revisions\/34"}],"wp:attachment":[{"href":"https:\/\/www.necesidadesdelaempresa.cl\/index.php\/wp-json\/wp\/v2\/media?parent=6"}],"curies":[{"name":"wp","href":"https:\/\/api.w.org\/{rel}","templated":true}]}}